{"id":285,"date":"2022-11-03T17:52:34","date_gmt":"2022-11-03T16:52:34","guid":{"rendered":"https:\/\/charlotte31.de\/impressum\/"},"modified":"2023-01-30T14:10:03","modified_gmt":"2023-01-30T13:10:03","slug":"impressum","status":"publish","type":"page","link":"https:\/\/charlotte31.de\/en\/impressum\/","title":{"rendered":"Impressum"},"content":{"rendered":"<section class=\"wpb-content-wrapper\"><p>[vc_row][vc_column][vc_column_text]<\/p>\n<h1>Impressum<\/h1>\n<h2>Gesetzliche Anbieterkennung:<\/h2>\n<p>Charlottenbrunner Str. 31 GbR<br \/>\nvertreten durch die Gesellschafter: Alexander Beliaikin, Irfan Aras, Tufan Tuncay<br \/>\nKurf\u00fcrstendamm 40-41<br \/>\n10719 Berlin<br \/>\nDeutschland<br \/>\nTelefon: +4917682266752<br \/>\nE-Mail: info@charlotte31.de<\/p>\n<h2>Alternative Streitbeilegung:<\/h2>\n<p>Die Europ\u00e4ische Kommission stellt eine Plattform f\u00fcr die au\u00dfergerichtliche Online-Streitbeilegung (OS-Plattform) bereit, aufrufbar unter\u00a0<a href=\"https:\/\/ec.europa.eu\/odr\" target=\"_blank\" rel=\"noopener noreferrer\">https:\/\/ec.europa.eu\/odr<\/a>.[\/vc_column_text][\/vc_column][\/vc_row][vc_row][vc_column][vc_empty_space height=&#8221;200px&#8221;][\/vc_column][\/vc_row]<\/p>\n<\/section>","protected":false},"excerpt":{"rendered":"<p>[vc_row][vc_column][vc_column_text] Impressum Gesetzliche Anbieterkennung: Charlottenbrunner Str. 31 GbR vertreten durch die Gesellschafter: Alexander Beliaikin, Irfan Aras, Tufan Tuncay Kurf\u00fcrstendamm 40-41 10719 Berlin Deutschland Telefon: +4917682266752 E-Mail: info@charlotte31.de Alternative Streitbeilegung: Die Europ\u00e4ische Kommission stellt eine Plattform f\u00fcr die au\u00dfergerichtliche Online-Streitbeilegung (OS-Plattform) bereit, aufrufbar unter\u00a0https:\/\/ec.europa.eu\/odr.[\/vc_column_text][\/vc_column][\/vc_row][vc_row][vc_column][vc_empty_space height=&#8221;200px&#8221;][\/vc_column][\/vc_row]<\/p>\n","protected":false},"author":1,"featured_media":0,"parent":0,"menu_order":100,"comment_status":"closed","ping_status":"closed","template":"","meta":{"inline_featured_image":false,"_mi_skip_tracking":false},"acf":[],"yoast_head":"<!-- This site is optimized with the Yoast SEO plugin v20.0 - https:\/\/yoast.com\/wordpress\/plugins\/seo\/ -->\n<title>Impressum - Charlotte 31<\/title>\n<meta name=\"robots\" content=\"index, follow, max-snippet:-1, max-image-preview:large, max-video-preview:-1\" \/>\n<link rel=\"canonical\" href=\"https:\/\/charlotte31.de\/en\/impressum\/\" \/>\n<meta property=\"og:locale\" content=\"en_US\" \/>\n<meta property=\"og:type\" content=\"article\" \/>\n<meta property=\"og:title\" content=\"Impressum - Charlotte 31\" \/>\n<meta property=\"og:description\" content=\"[vc_row][vc_column][vc_column_text] Impressum Gesetzliche Anbieterkennung: Charlottenbrunner Str. 31 GbR vertreten durch die Gesellschafter: Alexander Beliaikin, Irfan Aras, Tufan Tuncay Kurf\u00fcrstendamm 40-41 10719 Berlin Deutschland Telefon: +4917682266752 E-Mail: info@charlotte31.de Alternative Streitbeilegung: Die Europ\u00e4ische Kommission stellt eine Plattform f\u00fcr die au\u00dfergerichtliche Online-Streitbeilegung (OS-Plattform) bereit, aufrufbar unter\u00a0https:\/\/ec.europa.eu\/odr.[\/vc_column_text][\/vc_column][\/vc_row][vc_row][vc_column][vc_empty_space height=&#8221;200px&#8221;][\/vc_column][\/vc_row]\" \/>\n<meta property=\"og:url\" content=\"https:\/\/charlotte31.de\/en\/impressum\/\" \/>\n<meta property=\"og:site_name\" content=\"Charlotte 31\" \/>\n<meta property=\"article:modified_time\" content=\"2023-01-30T13:10:03+00:00\" \/>\n<meta name=\"twitter:card\" content=\"summary_large_image\" \/>\n<meta name=\"twitter:label1\" content=\"Est. reading time\" \/>\n\t<meta name=\"twitter:data1\" content=\"1 minute\" \/>\n<script type=\"application\/ld+json\" class=\"yoast-schema-graph\">{\"@context\":\"https:\/\/schema.org\",\"@graph\":[{\"@type\":\"WebPage\",\"@id\":\"https:\/\/charlotte31.de\/en\/impressum\/\",\"url\":\"https:\/\/charlotte31.de\/en\/impressum\/\",\"name\":\"Impressum - Charlotte 31\",\"isPartOf\":{\"@id\":\"https:\/\/charlotte31.de\/en\/#website\"},\"datePublished\":\"2022-11-03T16:52:34+00:00\",\"dateModified\":\"2023-01-30T13:10:03+00:00\",\"breadcrumb\":{\"@id\":\"https:\/\/charlotte31.de\/en\/impressum\/#breadcrumb\"},\"inLanguage\":\"en-US\",\"potentialAction\":[{\"@type\":\"ReadAction\",\"target\":[\"https:\/\/charlotte31.de\/en\/impressum\/\"]}]},{\"@type\":\"BreadcrumbList\",\"@id\":\"https:\/\/charlotte31.de\/en\/impressum\/#breadcrumb\",\"itemListElement\":[{\"@type\":\"ListItem\",\"position\":1,\"name\":\"Startseite\",\"item\":\"https:\/\/charlotte31.de\/en\/\"},{\"@type\":\"ListItem\",\"position\":2,\"name\":\"Impressum\"}]},{\"@type\":\"WebSite\",\"@id\":\"https:\/\/charlotte31.de\/en\/#website\",\"url\":\"https:\/\/charlotte31.de\/en\/\",\"name\":\"Charlotte 31\",\"description\":\"\",\"publisher\":{\"@id\":\"https:\/\/charlotte31.de\/en\/#organization\"},\"potentialAction\":[{\"@type\":\"SearchAction\",\"target\":{\"@type\":\"EntryPoint\",\"urlTemplate\":\"https:\/\/charlotte31.de\/en\/?s={search_term_string}\"},\"query-input\":\"required name=search_term_string\"}],\"inLanguage\":\"en-US\"},{\"@type\":\"Organization\",\"@id\":\"https:\/\/charlotte31.de\/en\/#organization\",\"name\":\"Charlottenbrunner Stra\u00dfe 31, 32 GbR\",\"url\":\"https:\/\/charlotte31.de\/en\/\",\"logo\":{\"@type\":\"ImageObject\",\"inLanguage\":\"en-US\",\"@id\":\"https:\/\/charlotte31.de\/en\/#\/schema\/logo\/image\/\",\"url\":\"https:\/\/charlotte31.de\/wp-content\/uploads\/2022\/11\/charlotte31-logo.svg\",\"contentUrl\":\"https:\/\/charlotte31.de\/wp-content\/uploads\/2022\/11\/charlotte31-logo.svg\",\"width\":168,\"height\":32,\"caption\":\"Charlottenbrunner Stra\u00dfe 31, 32 GbR\"},\"image\":{\"@id\":\"https:\/\/charlotte31.de\/en\/#\/schema\/logo\/image\/\"}}]}<\/script>\n<!-- \/ Yoast SEO plugin. -->","yoast_head_json":{"title":"Impressum - Charlotte 31","robots":{"index":"index","follow":"follow","max-snippet":"max-snippet:-1","max-image-preview":"max-image-preview:large","max-video-preview":"max-video-preview:-1"},"canonical":"https:\/\/charlotte31.de\/en\/impressum\/","og_locale":"en_US","og_type":"article","og_title":"Impressum - Charlotte 31","og_description":"[vc_row][vc_column][vc_column_text] Impressum Gesetzliche Anbieterkennung: Charlottenbrunner Str. 31 GbR vertreten durch die Gesellschafter: Alexander Beliaikin, Irfan Aras, Tufan Tuncay Kurf\u00fcrstendamm 40-41 10719 Berlin Deutschland Telefon: +4917682266752 E-Mail: info@charlotte31.de Alternative Streitbeilegung: Die Europ\u00e4ische Kommission stellt eine Plattform f\u00fcr die au\u00dfergerichtliche Online-Streitbeilegung (OS-Plattform) bereit, aufrufbar unter\u00a0https:\/\/ec.europa.eu\/odr.[\/vc_column_text][\/vc_column][\/vc_row][vc_row][vc_column][vc_empty_space height=&#8221;200px&#8221;][\/vc_column][\/vc_row]","og_url":"https:\/\/charlotte31.de\/en\/impressum\/","og_site_name":"Charlotte 31","article_modified_time":"2023-01-30T13:10:03+00:00","twitter_card":"summary_large_image","twitter_misc":{"Est. reading time":"1 minute"},"schema":{"@context":"https:\/\/schema.org","@graph":[{"@type":"WebPage","@id":"https:\/\/charlotte31.de\/en\/impressum\/","url":"https:\/\/charlotte31.de\/en\/impressum\/","name":"Impressum - Charlotte 31","isPartOf":{"@id":"https:\/\/charlotte31.de\/en\/#website"},"datePublished":"2022-11-03T16:52:34+00:00","dateModified":"2023-01-30T13:10:03+00:00","breadcrumb":{"@id":"https:\/\/charlotte31.de\/en\/impressum\/#breadcrumb"},"inLanguage":"en-US","potentialAction":[{"@type":"ReadAction","target":["https:\/\/charlotte31.de\/en\/impressum\/"]}]},{"@type":"BreadcrumbList","@id":"https:\/\/charlotte31.de\/en\/impressum\/#breadcrumb","itemListElement":[{"@type":"ListItem","position":1,"name":"Startseite","item":"https:\/\/charlotte31.de\/en\/"},{"@type":"ListItem","position":2,"name":"Impressum"}]},{"@type":"WebSite","@id":"https:\/\/charlotte31.de\/en\/#website","url":"https:\/\/charlotte31.de\/en\/","name":"Charlotte 31","description":"","publisher":{"@id":"https:\/\/charlotte31.de\/en\/#organization"},"potentialAction":[{"@type":"SearchAction","target":{"@type":"EntryPoint","urlTemplate":"https:\/\/charlotte31.de\/en\/?s={search_term_string}"},"query-input":"required name=search_term_string"}],"inLanguage":"en-US"},{"@type":"Organization","@id":"https:\/\/charlotte31.de\/en\/#organization","name":"Charlottenbrunner Stra\u00dfe 31, 32 GbR","url":"https:\/\/charlotte31.de\/en\/","logo":{"@type":"ImageObject","inLanguage":"en-US","@id":"https:\/\/charlotte31.de\/en\/#\/schema\/logo\/image\/","url":"https:\/\/charlotte31.de\/wp-content\/uploads\/2022\/11\/charlotte31-logo.svg","contentUrl":"https:\/\/charlotte31.de\/wp-content\/uploads\/2022\/11\/charlotte31-logo.svg","width":168,"height":32,"caption":"Charlottenbrunner Stra\u00dfe 31, 32 GbR"},"image":{"@id":"https:\/\/charlotte31.de\/en\/#\/schema\/logo\/image\/"}}]}},"_links":{"self":[{"href":"https:\/\/charlotte31.de\/en\/wp-json\/wp\/v2\/pages\/285"}],"collection":[{"href":"https:\/\/charlotte31.de\/en\/wp-json\/wp\/v2\/pages"}],"about":[{"href":"https:\/\/charlotte31.de\/en\/wp-json\/wp\/v2\/types\/page"}],"author":[{"embeddable":true,"href":"https:\/\/charlotte31.de\/en\/wp-json\/wp\/v2\/users\/1"}],"replies":[{"embeddable":true,"href":"https:\/\/charlotte31.de\/en\/wp-json\/wp\/v2\/comments?post=285"}],"version-history":[{"count":3,"href":"https:\/\/charlotte31.de\/en\/wp-json\/wp\/v2\/pages\/285\/revisions"}],"predecessor-version":[{"id":796,"href":"https:\/\/charlotte31.de\/en\/wp-json\/wp\/v2\/pages\/285\/revisions\/796"}],"wp:attachment":[{"href":"https:\/\/charlotte31.de\/en\/wp-json\/wp\/v2\/media?parent=285"}],"curies":[{"name":"wp","href":"https:\/\/api.w.org\/{rel}","templated":true}]}}